{"id":1162,"date":"2014-06-18T16:44:34","date_gmt":"2014-06-18T16:44:34","guid":{"rendered":"http:\/\/tc-horben.de\/?page_id=1162"},"modified":"2014-11-22T10:01:48","modified_gmt":"2014-11-22T10:01:48","slug":"tauziehen","status":"publish","type":"page","link":"https:\/\/tc-horben.de\/?page_id=1162","title":{"rendered":"Tauziehen ?"},"content":{"rendered":"<p><strong><span style=\"text-decoration: underline;\">Organisation<\/span>: \u00a0<\/strong><\/p>\n<p>Das Tauziehen ist ein weltweit organisierter Sport. Der Nationale Dachverband in Deutschland ist der <a title=\"Deutscher Rasenkraftsport- und Tauzieh-Verband\" href=\"http:\/\/www.drtv.de\/\">DRTV <\/a>(Deutscher Rasenkraftsport- und Tauzieh-Verband). Des Weiteren gibt es Landesver\u00e4nde. Turniere werden auf nationaler oder Landesebene ausgetragen.<\/p>\n<p>Der Weltverband, welchem die nationalen Verb\u00e4nde angeschlossen sind ist die <a title=\"Tug of War Internatinal Federation\" href=\"http:\/\/www.tugofwar-twif.org\/\">TWIF <\/a>(Tug of War Internatinal Federation).<\/p>\n<p><strong><span style=\"text-decoration: underline;\">Allgemein<\/span>:<\/strong><br \/>\nEs gibt Indoor- (Halle) und Outdoor- Wettk\u00e4mpfe<br \/>\nf\u00fcr besseren Halt am Seil wird Harz verwendet<\/p>\n<p><img loading=\"lazy\" decoding=\"async\" class=\"wp-image-1172  alignright\" src=\"https:\/\/tc-horben.de\/wp-content\/uploads\/2014\/06\/Indoor.gif\" alt=\"Indoor\" width=\"223\" height=\"152\" \/><\/p>\n<p><img loading=\"lazy\" decoding=\"async\" class=\"alignleft wp-image-1196\" src=\"https:\/\/tc-horben.de\/wp-content\/uploads\/2014\/06\/P6010010-300x183.jpg\" alt=\"Outdoor\" width=\"245\" height=\"153\" \/><\/p>\n<p>&nbsp;<\/p>\n<p>&nbsp;<\/p>\n<p>&nbsp;<\/p>\n<p>&nbsp;<\/p>\n<p><strong><span style=\"text-decoration: underline;\">Mannschaften<\/span>:<\/strong>\u00a0 \u00a0 \u00a0 \u00a0 \u00a0 \u00a0 \u00a0 \u00a0 \u00a0 \u00a0 \u00a0 \u00a0 \u00a0 \u00a0 \u00a0 \u00a0 \u00a0 \u00a0 \u00a0 \u00a0 \u00a0 \u00a0 \u00a0 \u00a0 \u00a0 \u00a0 \u00a0 \u00a0 \u00a0 \u00a0 \u00a0 \u00a0 \u00a0 \u00a0 \u00a0 \u00a0 \u00a0 \u00a0 \u00a0 \u00a0 \u00a0 \u00a0 \u00a0 \u00a0 \u00a0 \u00a0 \u00a0 \u00a0 \u00a0 \u00a0 \u00a0 \u00a0 \u00a0 \u00a0 \u00a0 \u00a0 \u00a0 \u00a0 \u00a0 \u00a0 \u00a08 Tauzieher\/innen \u00a0 \u00a0 \u00a0 \u00a0 \u00a0 \u00a0 \u00a0 \u00a0 \u00a0 \u00a0 \u00a0 \u00a0 \u00a0 \u00a0 \u00a0 \u00a0 \u00a0 \u00a0 \u00a0 \u00a0 \u00a0 \u00a0 \u00a0 \u00a0 \u00a0 \u00a0 \u00a0 \u00a0 \u00a0 \u00a0 \u00a0 \u00a0 \u00a0 \u00a0 \u00a0 \u00a0 \u00a0 \u00a0 \u00a0 \u00a0 \u00a0 \u00a0 \u00a0 \u00a0 \u00a0 \u00a0 \u00a0 \u00a0 \u00a0 \u00a0 \u00a0 \u00a0 \u00a0 \u00a0 \u00a0 \u00a0 \u00a0 \u00a01 Ersatzperson (muss leichter sein als ersetzte Person) \u00a0 \u00a0 \u00a0 \u00a0 \u00a0 \u00a0 \u00a0 \u00a0 \u00a0 \u00a0 \u00a0 \u00a0 \u00a0 \u00a0 \u00a0 \u00a0 \u00a0 \u00a0 \u00a0 \u00a0 \u00a0 \u00a0 \u00a0 \u00a0 \u00a0 \u00a0 \u00a0 \u00a01 Coach \u00a0 \u00a0 \u00a0 \u00a0 \u00a0 \u00a0 \u00a0 \u00a0 \u00a0 \u00a0 \u00a0 \u00a0 \u00a0 \u00a0 \u00a0 \u00a0 \u00a0 \u00a0 \u00a0 \u00a0 \u00a0 \u00a0 \u00a0 \u00a0 \u00a0 \u00a0 \u00a0 \u00a0 \u00a0 \u00a0 \u00a0 \u00a0 \u00a0 \u00a0 \u00a0 \u00a0 \u00a0 \u00a0 \u00a0 \u00a0 \u00a0 \u00a0 \u00a0 \u00a0 \u00a0 \u00a0 \u00a0 \u00a0 \u00a0 \u00a0 \u00a0 \u00a0 \u00a0 \u00a0 \u00a0 \u00a0 \u00a0 \u00a0 \u00a0 \u00a0 \u00a0 \u00a0 \u00a0 \u00a0 \u00a01 Betreuer<\/p>\n<p><strong>\u00a0 \u00a0 \u00a0 \u00a0 \u00a0 \u00a0 \u00a0 \u00a0 \u00a0 \u00a0 \u00a0 \u00a0 \u00a0 \u00a0 \u00a0 \u00a0 \u00a0 \u00a0 \u00a0 \u00a0 \u00a0 \u00a0 \u00a0 \u00a0 \u00a0 \u00a0 \u00a0 \u00a0 \u00a0 \u00a0 \u00a0 \u00a0 \u00a0 \u00a0 \u00a0 \u00a0 \u00a0 \u00a0 \u00a0 \u00a0 \u00a0 \u00a0 \u00a0 \u00a0 \u00a0 \u00a0 \u00a0 \u00a0 \u00a0 \u00a0 \u00a0 \u00a0 \u00a0 \u00a0 \u00a0<img loading=\"lazy\" decoding=\"async\" class=\"size-thumbnail wp-image-1171 alignright\" src=\"https:\/\/tc-horben.de\/wp-content\/uploads\/2014\/06\/coach1-115x150.gif\" alt=\"coach1\" width=\"115\" height=\"150\" \/><\/strong><\/p>\n<p><strong><span style=\"text-decoration: underline;\">Coach in Aktion<\/span>: \u00a0 \u00a0 \u00a0 \u00a0 \u00a0 \u00a0 \u00a0 \u00a0 \u00a0 \u00a0 \u00a0 \u00a0 \u00a0 \u00a0 \u00a0 \u00a0 \u00a0 \u00a0 \u00a0 \u00a0 \u00a0 \u00a0 \u00a0 \u00a0 \u00a0 \u00a0 \u00a0 \u00a0 \u00a0 \u00a0 \u00a0 \u00a0 \u00a0 \u00a0 \u00a0 \u00a0 \u00a0 \u00a0<\/strong>Er gibt wichtige Kommandos, damit das Zusammenspiel der \u00a0Mannschaft funktioniert und\u00a0er beobachtet den Gegner.<\/p>\n<p>&nbsp;<\/p>\n<p><span style=\"text-decoration: underline;\"><strong>Gewichtsklassen<\/strong><\/span><strong>: \u00a0<\/strong><\/p>\n<p><span style=\"text-decoration: underline;\">Deutschland<\/span>: <strong>M\u00e4nner:<\/strong>\u00a0600, 640, 720 kg \/ Jugend 450 kg (6 Aktive ingesamt, bis 18 \u00a0 \u00a0 \u00a0 \u00a0 \u00a0 \u00a0 \u00a0 \u00a0 \u00a0 \u00a0 \u00a0 \u00a0 \u00a0 \u00a0 \u00a0 \u00a0 \u00a0 \u00a0 \u00a0 \u00a0 \u00a0 \u00a0 \u00a0 \u00a0 Jahre, 2 Aktive bis 20 Jahre) \u00a0 \u00a0 \u00a0 \u00a0 \u00a0 \u00a0 \u00a0 \u00a0 \u00a0 \u00a0 \u00a0 \u00a0 \u00a0 \u00a0 \u00a0 \u00a0 \u00a0 \u00a0 \u00a0 \u00a0 \u00a0 \u00a0 \u00a0 \u00a0 \u00a0 \u00a0 \u00a0 \u00a0 \u00a0 \u00a0 \u00a0 \u00a0 \u00a0 \u00a0 \u00a0 \u00a0 \u00a0 \u00a0 \u00a0 \u00a0 \u00a0 \u00a0<strong>Frauen:<\/strong> 400 kg (6 Aktive)<\/p>\n<p>In der K\u00f6nigsklasse bis 640 Kg gibt es eine Bundesliga. Wer nach 8 Turnieren die Meisten Punkte hat ist Meister. Die Meister in den anderen Gewichtsklassen werden per Tagesentscheidung ermittelt, d.h. es findet ein Turnier statt, wer dieses gewinnt ist Meister.<\/p>\n<p><strong><span style=\"text-decoration: underline;\">WM<\/span><\/strong>: M\u00e4nner 580, 640, 700 Kg \/ Frauen 500, 540 Kg \/ Mix 600 Kg \/ U23 600kg \/ \u00a0 \u00a0 \u00a0 \u00a0 \u00a0 \u00a0 \u00a0 \u00a0 \u00a0 \u00a0 \u00a0 \u00a0 \u00a0 \u00a0U19 560kg<br \/>\n<strong><span style=\"text-decoration: underline;\">EM<\/span><\/strong>: M\u00e4nner 560, 640, 680, 720 Kg \/ Frauen 520, 560 Kg \/ Mix 600 Kg<\/p>\n<p>In der U23 600kg und der U19 560kg findet jedes Jahr eine WM statt. Bei den M\u00e4nnern und Frauen wechseln sich jedes Jahr WM und EM ab. Die Junioren tragen Ihre WM mit der WM oder EM der M\u00e4nner und Frauen aus. Die Sieger werden per Tagesentscheidung ermittelt.<\/p>\n<p><img loading=\"lazy\" decoding=\"async\" class=\"alignleft wp-image-1176 size-full\" src=\"https:\/\/tc-horben.de\/wp-content\/uploads\/2014\/06\/Wiegen.gif\" alt=\"Wiegen\" width=\"248\" height=\"300\" \/><\/p>\n<p>&nbsp;<\/p>\n<p>&nbsp;<\/p>\n<p>Das Gewicht ist das komplette max. Mannschaftsgewicht. Das Wiegen findet morgens vor dem Wettkampf in Sporthosen statt. Jeder gewogene Athlet wird mit einem Stempel markiert.<\/p>\n<p>&nbsp;<\/p>\n<p>&nbsp;<\/p>\n<p style=\"text-align: left;\">\u00a0 \u00a0 \u00a0 \u00a0 \u00a0 \u00a0 \u00a0 \u00a0 \u00a0 \u00a0 \u00a0 \u00a0 \u00a0 \u00a0 \u00a0 \u00a0 \u00a0 \u00a0 \u00a0 \u00a0 \u00a0 \u00a0 \u00a0 \u00a0 \u00a0 \u00a0 \u00a0 \u00a0 \u00a0 \u00a0 \u00a0 \u00a0 \u00a0 <strong><span style=\"text-decoration: underline;\">Zugdistanz<\/span>:<\/strong>\u00a0 \u00a0 \u00a0 \u00a0 \u00a0 \u00a0 \u00a0 \u00a0 \u00a0 \u00a0 \u00a0 \u00a0: \u00a0 \u00a0 \u00a0 \u00a0 \u00a0 \u00a0 \u00a0 \u00a0 \u00a0 \u00a0 \u00a0 \u00a0 \u00a0 \u00a0 \u00a0 \u00a0 \u00a0 \u00a0 \u00a0<strong><span style=\"text-decoration: underline;\">Wettkampfseil<\/span>:\u00a0<\/strong>\u00a0 \u00a0 \u00a0 \u00a0 \u00a0 \u00a0 \u00a0 \u00a0 \u00a0 \u00a0 \u00a0 \u00a0 \u00a0 \u00a0 \u00a0 \u00a0 \u00a0 \u00a0 4 Meter (am Seil markiert) \u00a0 \u00a0 \u00a0 \u00a0 \u00a0 \u00a0 \u00a0 \u00a0 \u00a0 \u00a0 \u00a0 \u00a0 \u00a0 \u00a0 \u00a0 \u00a0 \u00a0 \u00a0 \u00a0 \u00a0 Umfang: 100-125 mm \u00a0 \u00a0 \u00a0 \u00a0 \u00a0 \u00a0 \u00a0 \u00a0 \u00a0 \u00a0 \u00a0 \u00a0 \u00a0 \u00a0 \u00a0 \u00a0 \u00a0 \u00a0 \u00a0 \u00a0 \u00a0 \u00a0 \u00a0 \u00a0 \u00a0 \u00a0 \u00a0 \u00a0 \u00a0 \u00a0 \u00a0 \u00a0 \u00a0 \u00a0 \u00a0 \u00a0 \u00a0 \u00a0 \u00a0 \u00a0 \u00a0 \u00a0 \u00a0 \u00a0 \u00a0 \u00a0 \u00a0 \u00a0 \u00a0 \u00a0 \u00a0 \u00a0 \u00a0 \u00a0 \u00a0 \u00a0L\u00e4nge: min 33,5 m \u00a0 \u00a0 \u00a0 \u00a0 \u00a0 \u00a0 \u00a0 \u00a0 \u00a0 \u00a0 \u00a0 \u00a0 \u00a0 \u00a0 \u00a0 \u00a0 \u00a0 \u00a0 \u00a0 \u00a0 \u00a0 \u00a0 \u00a0 \u00a0 \u00a0 \u00a0 \u00a0 \u00a0 \u00a0 \u00a0 \u00a0 \u00a0 \u00a0 \u00a0 \u00a0 \u00a0 \u00a0 \u00a0 \u00a0 \u00a0 \u00a0 \u00a0 \u00a0 \u00a0 \u00a0 \u00a0 \u00a0 \u00a0 \u00a0 \u00a0 \u00a0 \u00a0 \u00a0 \u00a0 \u00a0 \u00a0 \u00a0 \u00a0Material<strong>:<\/strong> Hanf, Sisal oder Kunstfaser<\/p>\n<p><img loading=\"lazy\" decoding=\"async\" class=\"alignleft wp-image-1175\" src=\"https:\/\/tc-horben.de\/wp-content\/uploads\/2014\/06\/seil2.gif\" alt=\"seil2\" width=\"249\" height=\"166\" \/><img loading=\"lazy\" decoding=\"async\" class=\"alignright  wp-image-1174\" src=\"https:\/\/tc-horben.de\/wp-content\/uploads\/2014\/06\/Seil_4.gif\" alt=\"Seil_4\" width=\"249\" height=\"169\" \/><\/p>\n<p>&nbsp;<\/p>\n<p>&nbsp;<\/p>\n<p><strong><span style=\"text-decoration: underline;\">Wettkampfplatz<\/span>:<\/strong><br \/>\nEine Ebene, die mit kurzem Gras bedeckte\u00a0ist.<br \/>\nL\u00e4nge min. 45m, Breite 12,5m je Wettkampfbahn<br \/>\ndie Breite der Wettkampfzone betr\u00e4gt 2m<\/p>\n<p><img loading=\"lazy\" decoding=\"async\" class=\"aligncenter size-full wp-image-1177\" src=\"https:\/\/tc-horben.de\/wp-content\/uploads\/2014\/06\/WK_Platz.gif\" alt=\"WK_Platz\" width=\"333\" height=\"222\" \/><\/p>\n<p><strong><span style=\"text-decoration: underline;\">Sportbekleidung<\/span>:<\/strong><br \/>\nSporthemd mit langem Arm (meist Rugby Trikot)<br \/>\nkurze Sporthose und Stutzen<br \/>\nTauziehschuhe<br \/>\n<span style=\"text-decoration: underline;\">Handschuhe sind nicht erlaubt !<\/span><\/p>\n<p><img loading=\"lazy\" decoding=\"async\" class=\"size-full wp-image-1235 aligncenter\" src=\"https:\/\/tc-horben.de\/wp-content\/uploads\/2014\/06\/Trikot.jpg\" alt=\"Trikot\" width=\"896\" height=\"642\" srcset=\"https:\/\/tc-horben.de\/wp-content\/uploads\/2014\/06\/Trikot.jpg 896w, https:\/\/tc-horben.de\/wp-content\/uploads\/2014\/06\/Trikot-300x214.jpg 300w, https:\/\/tc-horben.de\/wp-content\/uploads\/2014\/06\/Trikot-418x300.jpg 418w\" sizes=\"auto, (max-width: 896px) 100vw, 896px\" \/><\/p>\n<p><strong><span style=\"text-decoration: underline;\">Tauziehschuhe<\/span>:<\/strong><br \/>\nfeste Schuhe mit glatter Sohle (Profilsohlen, Noppen, N\u00e4gel, Spikes usw. sind verboten), am Absatz darf eine Metallplatte mit einer St\u00e4rke von bis zu 6,5mm angebracht werden<\/p>\n<p><img loading=\"lazy\" decoding=\"async\" class=\"aligncenter size-full wp-image-1233\" src=\"https:\/\/tc-horben.de\/wp-content\/uploads\/2014\/06\/Tauziehschuhe.jpg\" alt=\"Tauziehschuhe\" width=\"600\" height=\"200\" srcset=\"https:\/\/tc-horben.de\/wp-content\/uploads\/2014\/06\/Tauziehschuhe.jpg 600w, https:\/\/tc-horben.de\/wp-content\/uploads\/2014\/06\/Tauziehschuhe-300x100.jpg 300w, https:\/\/tc-horben.de\/wp-content\/uploads\/2014\/06\/Tauziehschuhe-500x166.jpg 500w\" sizes=\"auto, (max-width: 600px) 100vw, 600px\" \/><\/p>\n<p><strong><span style=\"text-decoration: underline;\">Technik<\/span>:<\/strong><br \/>\nDas Seil sollte m\u00f6glichst eine Linie bilden, so ziehen alle Athleten in die gleiche Richtung und haben eine optimale Kraftausnutzung.<br \/>\nDer K\u00f6rper sollte beim ziehen ebenfalls eine gestreckte Haltung einnehmen, um den Schwerpunkt nach hinten zu verlagern und somit m\u00f6glichst viel Kraft ans Seil zu bringen, Beugung gleich Kraftverlust.<br \/>\nJeder Athlet in der Mannschaft sollte immer die gleiche Haltung haben und jede Aktion sollte gemeinsam und gleichzeitig ausgef\u00fchrt werden (z.B. setzen der Schritte).<\/p>\n<p><strong><span style=\"text-decoration: underline;\">Der Wettkampf<\/span>:<\/strong><br \/>\nDie Mannschaften betreten den Wettkampfplatz und stellen sich am Seil auf, der Kampfrichter gibt das Komando.<\/p>\n<p><strong><span style=\"text-decoration: underline;\">Startkomando<\/span>:<\/strong><br \/>\nSind sie bereit? (Are you ready?)<br \/>\nDer Kampfrichter fragt die Mannschaften, ob sie bereit sind und wartet auf ein Zeichen des Coaches.<\/p>\n<p><strong>Seil auf!<\/strong> (Pick up the rope)<br \/>\nMit dieser Aufforderung des Kampfrichters beginnt der Kampf zweier Mannschaften. Das am Boden liegende Seil wird aufgenommen.<\/p>\n<p><strong>Spannen!<\/strong> (Take the strain !)<br \/>\nDie Tauzieher schlagen einmal den Absatz der Schuhe in den Boden (der Fu\u00df darf nicht mehrmals in den Boden geschlagen werden = Verwarnung) und spannen das Seil in H\u00fcfth\u00f6he. Das Seil wird vom Kampfrichter solange ausgerichtet, bis sich die Mittelmarkierung am Seil genau \u00fcber der am Boden angebrachten Linie befindet.<\/p>\n<p><strong>Fertig!<\/strong> (Steady!)<br \/>\nIst die Seilmittelmarkierung \u00fcber der Bodenmittellinie erfolgt dieses Kommando und die Tauzieher bleiben in ihrer Haltung und konzentrieren sich auf den Start.<\/p>\n<p><strong>Pull!<\/strong><br \/>\nMit diesem Kommando des Kampfrichters beginnen die Mannschaften zu ziehen.<\/p>\n<p>Ein Zug gilt als gewonnen wenn die 4 m Marke am Seil \u00fcber die Bodenmittellinie gezogen wurde oder eine Mannschaft auf Grund von 3 Regelverst\u00f6\u00dfen (3 Verwarnungen) vom Kampfrichter disqualifiziert wird. Die Disqualifikation gilt allerdings nur f\u00fcr diesen einen Zug. F\u00fchren beide Mannschaften gleichzeitig den 3.Regelversto\u00df durch, so wird der Zug neu gestartet, das ist der sogenannte \u201cNo-Pull\u201d\u009d.<br \/>\nDer Wettkampf besteht max. aus drei Z\u00fcgen, wobei nach jedem Zug die Seiten gewechselt werden. Gewinnt eine Mannschaft die ersten beiden Z\u00fcge erfolgt kein dritter Zug und die Mannschaft erh\u00e4lt 3 Punkte, der Verlierer 0 Punkte. Steht es nach zwei Z\u00fcgen Unentschieden, kommt es zu einem dritten Zug und der Gewinner erh\u00e4lt 2 Punkte und der Verlierer 1 Punkt. Dieses System wurde inzwischen schon ge\u00e4ndert und es gibt nur noch zwei Z\u00fcge, die dann auch unentschieden enden k\u00f6nnen (Vorrunde). In den Finalrunden mit K.O.-System besteht der Wettkampf nat\u00fcrlich aus max. 3 Z\u00fcgen, um eine Entscheidung herbeizuf\u00fchren.<\/p>\n<p><span style=\"text-decoration: underline;\"><strong>Regelverst\u00f6\u00dfe<\/strong> <\/span><strong>(f\u00fchren zu Verwarnungen):<\/strong><br \/>\nAbsitzen auf dem Boden oder Schuh des Hintermannes<br \/>\nAbst\u00fctzen auf dem Boden mit der Hand<br \/>\nKlemmen: Einklemmen des Seiles, z.B. auf dem Oberschenkel<br \/>\nNachgreifen mit den H\u00e4nden<br \/>\nAnheben des Seils, das Seil sollte m\u00f6glichst ein Gerade bilden<br \/>\nFu\u00dfhaltung, der Fu\u00df darf nicht weiter angezogen werden als 90\u00b0 zum Oberschenkel<br \/>\nRudern: Nach hinten fallen lassen und die F\u00fc\u00dfe nachziehen<br \/>\nes darf nur der Coach zur Mannschaft sprechen, nicht der Betreuer<\/p>\n<p><strong><img loading=\"lazy\" decoding=\"async\" class=\"alignleft size-full wp-image-1173\" src=\"https:\/\/tc-horben.de\/wp-content\/uploads\/2014\/06\/Schiri.gif\" alt=\"Schiri\" width=\"300\" height=\"200\" \/><\/strong><\/p>\n<p>&nbsp;<\/p>\n<p><strong>Kampfrichter in Aktion \u00a0 \u00a0 \u00a0<\/strong><b style=\"color: #000000;\">\u00a0 \u00a0 \u00a0 \u00a0 \u00a0 \u00a0 \u00a0 \u00a0 <\/b><\/p>\n<p>Beim Zuggewinn einer Mannschaft pfeift er und zeigt auf die Siegermannschaft.<\/p>\n<p>&nbsp;<\/p>\n<p>&nbsp;<\/p>\n<p><strong>WORLD GAMES<\/strong><br \/>\nDie World Games (Weltspiele) sind nach den Olympischen Spielen die gr\u00f6\u00dfte Veranstaltung, bei der Sportler aus verschiedenen Sportarten um Medallien k\u00e4mpfen. Es sind sowohl olympisch anerkannte Sportarten (zu denen seit 1997 auch Tauziehen geh\u00f6rt), als auch nicht anerkannte Sportarten (z.B. Faustball oder Body-Building) vertreten.<br \/>\nDiese Unterscheidung ist deshalb wichtig, weil nur olympisch anerkannte Sportarten \u00fcberhaupt eine Chance haben, irgendwann in das olympische Programm aufgenommen zu werden. Verallgemeinert werden die WORLD GAMES, die ebenso wie die Olympiade im 4-j\u00e4hrigen Rhythmus abgehalten werden, auch \u201cOlympiade der nichtolympischen Sportarten\u201d\u009d genannt! Im Gegensatz zu \u201cOlympia\u201d sind bei den World Games nur die 6 weltbesten Nationen in den Mannschaftssportarten teilnahmeberechtigt. Die Qualifizierungskriterien werden durch die Weltverb\u00e4nde der einzelnen Sportarten festgelegt.<br \/>\nNeben den im Programm vertretenen offiziellen Sportarten nehmen auch einzelne Sportarten an Demonstrationswettk\u00e4mpfen teil, um sich f\u00fcr die Aufnahme als offizielle Sportart zu empfehlen. (z.B. Beach-Handball, Sumo-Ringen oder Frauen-Tauziehen).<\/p>\n<p style=\"text-align: left;\">Quelle:\u00a0<a href=\"http:\/\/www.tauziehen-goldscheuer.de\/\">www.tauziehen-goldscheuer.de\/<\/a><\/p>\n","protected":false},"excerpt":{"rendered":"<p>Organisation: \u00a0 Das Tauziehen ist ein weltweit organisierter Sport. Der Nationale Dachverband in Deutschland ist der DRTV (Deutscher Rasenkraftsport- und Tauzieh-Verband). Des Weiteren gibt es Landesver\u00e4nde. Turniere werden auf nationaler oder Landesebene ausgetragen. Der Weltverband, welchem die nationalen Verb\u00e4nde angeschlossen &hellip; <a href=\"https:\/\/tc-horben.de\/?page_id=1162\">Weiterlesen <span class=\"meta-nav\">&rarr;<\/span><\/a><\/p>\n","protected":false},"author":1,"featured_media":0,"parent":0,"menu_order":0,"comment_status":"closed","ping_status":"closed","template":"","meta":{"footnotes":""},"class_list":["post-1162","page","type-page","status-publish","hentry"],"_links":{"self":[{"href":"https:\/\/tc-horben.de\/index.php?rest_route=\/wp\/v2\/pages\/1162","targetHints":{"allow":["GET"]}}],"collection":[{"href":"https:\/\/tc-horben.de\/index.php?rest_route=\/wp\/v2\/pages"}],"about":[{"href":"https:\/\/tc-horben.de\/index.php?rest_route=\/wp\/v2\/types\/page"}],"author":[{"embeddable":true,"href":"https:\/\/tc-horben.de\/index.php?rest_route=\/wp\/v2\/users\/1"}],"replies":[{"embeddable":true,"href":"https:\/\/tc-horben.de\/index.php?rest_route=%2Fwp%2Fv2%2Fcomments&post=1162"}],"version-history":[{"count":62,"href":"https:\/\/tc-horben.de\/index.php?rest_route=\/wp\/v2\/pages\/1162\/revisions"}],"predecessor-version":[{"id":1910,"href":"https:\/\/tc-horben.de\/index.php?rest_route=\/wp\/v2\/pages\/1162\/revisions\/1910"}],"wp:attachment":[{"href":"https:\/\/tc-horben.de\/index.php?rest_route=%2Fwp%2Fv2%2Fmedia&parent=1162"}],"curies":[{"name":"wp","href":"https:\/\/api.w.org\/{rel}","templated":true}]}}