{"id":2,"date":"2017-12-31T00:00:50","date_gmt":"2017-12-31T00:00:50","guid":{"rendered":"http:\/\/tc-horben.de\/?page_id=2"},"modified":"2026-02-11T09:36:13","modified_gmt":"2026-02-11T09:36:13","slug":"sample-page","status":"publish","type":"page","link":"https:\/\/tc-horben.de\/","title":{"rendered":"Startseite"},"content":{"rendered":"<p style=\"text-align: left;\"><strong>Herzlich Willkommen,<\/strong><\/p>\n<p style=\"text-align: center;\">auf der Homepage des Tauziehclub\u00b4s Horben.<\/p>\n<p style=\"text-align: center;\">&nbsp;<\/p>\n\n<div class=\"wp-block-image\">\n<figure class=\"aligncenter size-large is-resized\"><a href=\"https:\/\/tc-horben.de\/wp-content\/uploads\/2023\/09\/IMG-20230830-WA0009.jpg\"><img loading=\"lazy\" decoding=\"async\" width=\"711\" height=\"1024\" src=\"https:\/\/tc-horben.de\/wp-content\/uploads\/2023\/09\/IMG-20230830-WA0009-711x1024.jpg\" alt=\"\" class=\"wp-image-4988\" style=\"width:356px;height:512px\" srcset=\"https:\/\/tc-horben.de\/wp-content\/uploads\/2023\/09\/IMG-20230830-WA0009-711x1024.jpg 711w, https:\/\/tc-horben.de\/wp-content\/uploads\/2023\/09\/IMG-20230830-WA0009-208x300.jpg 208w, https:\/\/tc-horben.de\/wp-content\/uploads\/2023\/09\/IMG-20230830-WA0009-768x1106.jpg 768w, https:\/\/tc-horben.de\/wp-content\/uploads\/2023\/09\/IMG-20230830-WA0009.jpg 1021w\" sizes=\"auto, (max-width: 711px) 100vw, 711px\" \/><\/a><\/figure><\/div>\n\n\n<p>Wenn Ihnen gef\u00e4llt, was wir machen und Sie uns unterst\u00fctzen m\u00f6chten, &nbsp; &nbsp; &nbsp; &nbsp; &nbsp; &nbsp; &nbsp; &nbsp; &nbsp; &nbsp; &nbsp; dann werden Sie <strong>Mitglied<\/strong>.<\/p>\n\n\n\n<div data-wp-interactive=\"core\/file\" class=\"wp-block-file\"><object data-wp-bind--hidden=\"!state.hasPdfPreview\" hidden class=\"wp-block-file__embed\" data=\"https:\/\/tc-horben.de\/wp-content\/uploads\/2026\/02\/Beitrittserklaerung-TCH-Feuerstein-Horben.pdf\" type=\"application\/pdf\" style=\"width:100%;height:600px\" aria-label=\"Einbettung von Beitrittserkl\u00e4rung TCH Feuerstein Horben.\"><\/object><a id=\"wp-block-file--media-0ca9189a-f89a-4057-84f1-cf7f19aeb564\" href=\"https:\/\/tc-horben.de\/wp-content\/uploads\/2026\/02\/Beitrittserklaerung-TCH-Feuerstein-Horben.pdf\">Beitrittserkl\u00e4rung TCH Feuerstein Horben<\/a><a href=\"https:\/\/tc-horben.de\/wp-content\/uploads\/2026\/02\/Beitrittserklaerung-TCH-Feuerstein-Horben.pdf\" class=\"wp-block-file__button wp-element-button\" download aria-describedby=\"wp-block-file--media-0ca9189a-f89a-4057-84f1-cf7f19aeb564\">Herunterladen<\/a><\/div>\n\n\n\n<p>Vielen Dank,<\/p>\n\n\n\n<p>Feuerstein Horben e.V.<\/p>\n\n\n\n<figure class=\"wp-block-image size-large\"><a href=\"https:\/\/tc-horben.de\/wp-content\/uploads\/2026\/02\/image.png\"><img loading=\"lazy\" decoding=\"async\" width=\"1024\" height=\"723\" src=\"https:\/\/tc-horben.de\/wp-content\/uploads\/2026\/02\/image-1024x723.png\" alt=\"\" class=\"wp-image-5026\" srcset=\"https:\/\/tc-horben.de\/wp-content\/uploads\/2026\/02\/image-1024x723.png 1024w, https:\/\/tc-horben.de\/wp-content\/uploads\/2026\/02\/image-300x212.png 300w, https:\/\/tc-horben.de\/wp-content\/uploads\/2026\/02\/image-768x542.png 768w, https:\/\/tc-horben.de\/wp-content\/uploads\/2026\/02\/image-425x300.png 425w, https:\/\/tc-horben.de\/wp-content\/uploads\/2026\/02\/image.png 1117w\" sizes=\"auto, (max-width: 1024px) 100vw, 1024px\" \/><\/a><\/figure>\n","protected":false},"excerpt":{"rendered":"<p>Herzlich Willkommen, auf der Homepage des Tauziehclub\u00b4s Horben. &nbsp; Wenn Ihnen gef\u00e4llt, was wir machen und Sie uns unterst\u00fctzen m\u00f6chten, &nbsp; &nbsp; &nbsp; &nbsp; &nbsp; &nbsp; &nbsp; &nbsp; &nbsp; &nbsp; &nbsp; dann werden Sie Mitglied. Vielen Dank, Feuerstein Horben e.V.<\/p>\n","protected":false},"author":1,"featured_media":0,"parent":0,"menu_order":1,"comment_status":"closed","ping_status":"open","template":"sidebar-page.php","meta":{"footnotes":""},"class_list":["post-2","page","type-page","status-publish","hentry"],"_links":{"self":[{"href":"https:\/\/tc-horben.de\/index.php?rest_route=\/wp\/v2\/pages\/2","targetHints":{"allow":["GET"]}}],"collection":[{"href":"https:\/\/tc-horben.de\/index.php?rest_route=\/wp\/v2\/pages"}],"about":[{"href":"https:\/\/tc-horben.de\/index.php?rest_route=\/wp\/v2\/types\/page"}],"author":[{"embeddable":true,"href":"https:\/\/tc-horben.de\/index.php?rest_route=\/wp\/v2\/users\/1"}],"replies":[{"embeddable":true,"href":"https:\/\/tc-horben.de\/index.php?rest_route=%2Fwp%2Fv2%2Fcomments&post=2"}],"version-history":[{"count":416,"href":"https:\/\/tc-horben.de\/index.php?rest_route=\/wp\/v2\/pages\/2\/revisions"}],"predecessor-version":[{"id":5027,"href":"https:\/\/tc-horben.de\/index.php?rest_route=\/wp\/v2\/pages\/2\/revisions\/5027"}],"wp:attachment":[{"href":"https:\/\/tc-horben.de\/index.php?rest_route=%2Fwp%2Fv2%2Fmedia&parent=2"}],"curies":[{"name":"wp","href":"https:\/\/api.w.org\/{rel}","templated":true}]}}